{"id":2,"date":"2016-05-10T03:48:21","date_gmt":"2016-05-10T03:48:21","guid":{"rendered":"http:\/\/xn--spielgruppefrchdachs-nzb.ch\/?page_id=2"},"modified":"2025-05-12T19:40:57","modified_gmt":"2025-05-12T19:40:57","slug":"team","status":"publish","type":"page","link":"http:\/\/xn--spielgruppefrchdachs-nzb.ch\/spielgruppe-fraechdachs\/ziel-der-spielgruppe\/team\/","title":{"rendered":"\u00dcber uns"},"content":{"rendered":"\n<div class=\"wp-block-columns is-layout-flex wp-container-core-columns-is-layout-9d6595d7 wp-block-columns-is-layout-flex\">\n<div class=\"wp-block-column is-layout-flow wp-block-column-is-layout-flow\">\n<div class=\"wp-block-media-text alignwide is-stacked-on-mobile\" style=\"grid-template-columns:18% auto\"><figure class=\"wp-block-media-text__media\"><img loading=\"lazy\" decoding=\"async\" width=\"1000\" height=\"1000\" src=\"http:\/\/xn--spielgruppefrchdachs-nzb.ch\/wp-content\/uploads\/2016\/05\/Julia.jpg\" alt=\"\" class=\"wp-image-130 size-full\" srcset=\"http:\/\/xn--spielgruppefrchdachs-nzb.ch\/wp-content\/uploads\/2016\/05\/Julia.jpg 1000w, http:\/\/xn--spielgruppefrchdachs-nzb.ch\/wp-content\/uploads\/2016\/05\/Julia-150x150.jpg 150w, http:\/\/xn--spielgruppefrchdachs-nzb.ch\/wp-content\/uploads\/2016\/05\/Julia-300x300.jpg 300w, http:\/\/xn--spielgruppefrchdachs-nzb.ch\/wp-content\/uploads\/2016\/05\/Julia-768x768.jpg 768w, http:\/\/xn--spielgruppefrchdachs-nzb.ch\/wp-content\/uploads\/2016\/05\/Julia-240x240.jpg 240w\" sizes=\"auto, (max-width: 1000px) 100vw, 1000px\" \/><\/figure><div class=\"wp-block-media-text__content\">\n<p><strong>Julia Blum (Do)<\/strong><\/p>\n\n\n\n<p>Ich bin Julia Blum &#8211; von Burg. Seit 2017 leite ich mit viel Herzblut die Spielgruppe Fr\u00e4chdachs. Meine Freizeit verbringe ich gerne mit meinen zwei Kindern in unserem Garten, in der Natur, beim Kochen, Spielen und Basteln. Ich n\u00e4he sehr gerne und liebe es zu reisen, gehe gerne ins Kino und treffe mich mit Freunden. Ich freue mich schon sehr auf eine spannende und kreative Zeit mit den Spielgruppenkindern.<\/p>\n<\/div><\/div>\n<\/div>\n<\/div>\n\n\n\n<div style=\"height:28px\" aria-hidden=\"true\" class=\"wp-block-spacer\"><\/div>\n\n\n\n<div class=\"wp-block-columns is-layout-flex wp-container-core-columns-is-layout-9d6595d7 wp-block-columns-is-layout-flex\">\n<div class=\"wp-block-column is-layout-flow wp-block-column-is-layout-flow\">\n<div class=\"wp-block-media-text alignwide is-stacked-on-mobile\" style=\"grid-template-columns:18% auto\"><figure class=\"wp-block-media-text__media\"><img loading=\"lazy\" decoding=\"async\" width=\"1024\" height=\"1010\" src=\"http:\/\/xn--spielgruppefrchdachs-nzb.ch\/wp-content\/uploads\/2021\/01\/Carole1-1024x1010.gif\" alt=\"\" class=\"wp-image-277 size-full\" srcset=\"http:\/\/xn--spielgruppefrchdachs-nzb.ch\/wp-content\/uploads\/2021\/01\/Carole1-1024x1010.gif 1024w, http:\/\/xn--spielgruppefrchdachs-nzb.ch\/wp-content\/uploads\/2021\/01\/Carole1-300x296.gif 300w, http:\/\/xn--spielgruppefrchdachs-nzb.ch\/wp-content\/uploads\/2021\/01\/Carole1-768x758.gif 768w, http:\/\/xn--spielgruppefrchdachs-nzb.ch\/wp-content\/uploads\/2021\/01\/Carole1-1536x1515.gif 1536w, http:\/\/xn--spielgruppefrchdachs-nzb.ch\/wp-content\/uploads\/2021\/01\/Carole1-2048x2020.gif 2048w\" sizes=\"auto, (max-width: 1024px) 100vw, 1024px\" \/><\/figure><div class=\"wp-block-media-text__content\">\n<p><strong>Carole Pfister (Di, Mi, Do)<\/strong><\/p>\n\n\n\n<p>Ich bin Carole Pfister, bin verheiratet und habe ein M\u00e4dchen und einen Jungen im Teenageralter. Meine Freizeit verbringe ich gerne in der Natur. Joggen und g\u00e4rtnern bereiten mir grosse Freude. Da ich Franz\u00f6sin bin, liebe ich gutes Essen. Seit Jahren bin ich Spielgruppenleiterin. Die Arbeit mit Ihren Kindern erf\u00fcllt mich und bereitet mir immer noch grosse Freude!<\/p>\n<\/div><\/div>\n<\/div>\n<\/div>\n\n\n\n<div style=\"height:28px\" aria-hidden=\"true\" class=\"wp-block-spacer\"><\/div>\n\n\n\n<div class=\"wp-block-columns is-layout-flex wp-container-core-columns-is-layout-9d6595d7 wp-block-columns-is-layout-flex\">\n<div class=\"wp-block-column is-layout-flow wp-block-column-is-layout-flow\">\n<div class=\"wp-block-media-text alignwide is-stacked-on-mobile\" style=\"grid-template-columns:18% auto\"><figure class=\"wp-block-media-text__media\"><img loading=\"lazy\" decoding=\"async\" width=\"635\" height=\"1024\" src=\"http:\/\/xn--spielgruppefrchdachs-nzb.ch\/wp-content\/uploads\/2021\/01\/oegmen-1-635x1024.jpg\" alt=\"\" class=\"wp-image-302 size-full\" srcset=\"http:\/\/xn--spielgruppefrchdachs-nzb.ch\/wp-content\/uploads\/2021\/01\/oegmen-1-635x1024.jpg 635w, http:\/\/xn--spielgruppefrchdachs-nzb.ch\/wp-content\/uploads\/2021\/01\/oegmen-1-186x300.jpg 186w, http:\/\/xn--spielgruppefrchdachs-nzb.ch\/wp-content\/uploads\/2021\/01\/oegmen-1-768x1239.jpg 768w, http:\/\/xn--spielgruppefrchdachs-nzb.ch\/wp-content\/uploads\/2021\/01\/oegmen-1-952x1536.jpg 952w, http:\/\/xn--spielgruppefrchdachs-nzb.ch\/wp-content\/uploads\/2021\/01\/oegmen-1.jpg 983w\" sizes=\"auto, (max-width: 635px) 100vw, 635px\" \/><\/figure><div class=\"wp-block-media-text__content\">\n<p><strong>S\u00fckr\u00fcye Oegmen (Mo, Di, Mi)<\/strong><\/p>\n\n\n\n<p>Ich bin S\u00fckr\u00fcye Oegmen, bin verheiratet und habe drei KinderEnde 2022 habe ich die Grundausbildung zur Spielgruppenleiterin abgeschlossen und kann unser Leiterinnen-Team nun mit meinem Wissen und meinen Ideen gut erg\u00e4nzen. Ich freue mich sehr auf die lustige und kreative Zeit mit Ihren Kindern.<\/p>\n<\/div><\/div>\n<\/div>\n<\/div>\n\n\n\n<div style=\"height:28px\" aria-hidden=\"true\" class=\"wp-block-spacer\"><\/div>\n\n\n\n<div style=\"height:28px\" aria-hidden=\"true\" class=\"wp-block-spacer\"><\/div>\n\n\n\n<div class=\"wp-block-columns is-layout-flex wp-container-core-columns-is-layout-9d6595d7 wp-block-columns-is-layout-flex\">\n<div class=\"wp-block-column is-layout-flow wp-block-column-is-layout-flow\">\n<div class=\"wp-block-media-text alignwide is-stacked-on-mobile\" style=\"grid-template-columns:20% auto\"><figure class=\"wp-block-media-text__media\"><img loading=\"lazy\" decoding=\"async\" width=\"1001\" height=\"1000\" src=\"http:\/\/xn--spielgruppefrchdachs-nzb.ch\/wp-content\/uploads\/2016\/05\/Heidi.jpg\" alt=\"\" class=\"wp-image-134 size-full\" srcset=\"http:\/\/xn--spielgruppefrchdachs-nzb.ch\/wp-content\/uploads\/2016\/05\/Heidi.jpg 1001w, http:\/\/xn--spielgruppefrchdachs-nzb.ch\/wp-content\/uploads\/2016\/05\/Heidi-150x150.jpg 150w, http:\/\/xn--spielgruppefrchdachs-nzb.ch\/wp-content\/uploads\/2016\/05\/Heidi-300x300.jpg 300w, http:\/\/xn--spielgruppefrchdachs-nzb.ch\/wp-content\/uploads\/2016\/05\/Heidi-768x767.jpg 768w, http:\/\/xn--spielgruppefrchdachs-nzb.ch\/wp-content\/uploads\/2016\/05\/Heidi-240x240.jpg 240w\" sizes=\"auto, (max-width: 1001px) 100vw, 1001px\" \/><\/figure><div class=\"wp-block-media-text__content\">\n<p><strong>Heidi Salzgeber (Mo)<\/strong><\/p>\n\n\n\n<p>Ich bin Heidi Salzgeber, wohne in Neuhausen, bin verheiratet und habe zwei Kinder. 2016 \u2013 2017 habe ich die Ausbildung zur Spielgruppenleiterin bei der IG Spielgruppe Schweiz absolviert. Am liebsten verbringe ich meine Freizeit mit meiner Familie in der Natur. Basteln, musizieren und meinen zwei Katzen finde ich einfach toll. Kochen und backen sind jedoch meine grosse Leidenschaft. Neben meiner kaufm\u00e4nnischen T\u00e4tigkeit freue ich mich riesig auf meine neue Herausforderung als Spielgruppenleiterin.<\/p>\n<\/div><\/div>\n<\/div>\n<\/div>\n","protected":false},"excerpt":{"rendered":"<p>Julia Blum (Do) Ich bin Julia Blum &#8211; von Burg. Seit 2017 leite ich mit viel Herzblut die Spielgruppe Fr\u00e4chdachs. Meine Freizeit verbringe ich gerne [&hellip;]<\/p>\n","protected":false},"author":1,"featured_media":469,"parent":0,"menu_order":0,"comment_status":"closed","ping_status":"open","template":"","meta":{"footnotes":""},"class_list":["post-2","page","type-page","status-publish","has-post-thumbnail","hentry"],"yoast_head":"<!-- This site is optimized with the Yoast SEO plugin v25.0 - https:\/\/yoast.com\/wordpress\/plugins\/seo\/ -->\n<title>\u00dcber uns - Spielgruppe Fr\u00e4chdachs, Schaffhausen<\/title>\n<meta name=\"robots\" content=\"index, follow, max-snippet:-1, max-image-preview:large, max-video-preview:-1\" \/>\n<link rel=\"canonical\" href=\"http:\/\/xn--spielgruppefrchdachs-nzb.ch\/spielgruppe-fraechdachs\/ziel-der-spielgruppe\/team\/\" \/>\n<meta property=\"og:locale\" content=\"de_DE\" \/>\n<meta property=\"og:type\" content=\"article\" \/>\n<meta property=\"og:title\" content=\"\u00dcber uns - Spielgruppe Fr\u00e4chdachs, Schaffhausen\" \/>\n<meta property=\"og:description\" content=\"Julia Blum (Do) Ich bin Julia Blum &#8211; von Burg. Seit 2017 leite ich mit viel Herzblut die Spielgruppe Fr\u00e4chdachs. Meine Freizeit verbringe ich gerne [&hellip;]\" \/>\n<meta property=\"og:url\" content=\"http:\/\/xn--spielgruppefrchdachs-nzb.ch\/spielgruppe-fraechdachs\/ziel-der-spielgruppe\/team\/\" \/>\n<meta property=\"og:site_name\" content=\"Spielgruppe Fr\u00e4chdachs, Schaffhausen\" \/>\n<meta property=\"article:modified_time\" content=\"2025-05-12T19:40:57+00:00\" \/>\n<meta property=\"og:image\" content=\"http:\/\/xn--spielgruppefrchdachs-nzb.ch\/wp-content\/uploads\/2023\/03\/IMG-20221206-WA0001-e1679843498518.jpg\" \/>\n\t<meta property=\"og:image:width\" content=\"2048\" \/>\n\t<meta property=\"og:image:height\" content=\"1536\" \/>\n\t<meta property=\"og:image:type\" content=\"image\/jpeg\" \/>\n<meta name=\"twitter:card\" content=\"summary_large_image\" \/>\n<meta name=\"twitter:label1\" content=\"Gesch\u00e4tzte Lesezeit\" \/>\n\t<meta name=\"twitter:data1\" content=\"3\u00a0Minuten\" \/>\n<script type=\"application\/ld+json\" class=\"yoast-schema-graph\">{\"@context\":\"https:\/\/schema.org\",\"@graph\":[{\"@type\":\"WebPage\",\"@id\":\"http:\/\/xn--spielgruppefrchdachs-nzb.ch\/spielgruppe-fraechdachs\/ziel-der-spielgruppe\/team\/\",\"url\":\"http:\/\/xn--spielgruppefrchdachs-nzb.ch\/spielgruppe-fraechdachs\/ziel-der-spielgruppe\/team\/\",\"name\":\"\u00dcber uns - Spielgruppe Fr\u00e4chdachs, Schaffhausen\",\"isPartOf\":{\"@id\":\"https:\/\/xn--spielgruppefrchdachs-nzb.ch\/spielgruppe-fraechdachs\/ziel-der-spielgruppe\/#website\"},\"primaryImageOfPage\":{\"@id\":\"http:\/\/xn--spielgruppefrchdachs-nzb.ch\/spielgruppe-fraechdachs\/ziel-der-spielgruppe\/team\/#primaryimage\"},\"image\":{\"@id\":\"http:\/\/xn--spielgruppefrchdachs-nzb.ch\/spielgruppe-fraechdachs\/ziel-der-spielgruppe\/team\/#primaryimage\"},\"thumbnailUrl\":\"http:\/\/xn--spielgruppefrchdachs-nzb.ch\/wp-content\/uploads\/2023\/03\/IMG-20221206-WA0001-e1679843498518.jpg\",\"datePublished\":\"2016-05-10T03:48:21+00:00\",\"dateModified\":\"2025-05-12T19:40:57+00:00\",\"breadcrumb\":{\"@id\":\"http:\/\/xn--spielgruppefrchdachs-nzb.ch\/spielgruppe-fraechdachs\/ziel-der-spielgruppe\/team\/#breadcrumb\"},\"inLanguage\":\"de\",\"potentialAction\":[{\"@type\":\"ReadAction\",\"target\":[\"http:\/\/xn--spielgruppefrchdachs-nzb.ch\/spielgruppe-fraechdachs\/ziel-der-spielgruppe\/team\/\"]}]},{\"@type\":\"ImageObject\",\"inLanguage\":\"de\",\"@id\":\"http:\/\/xn--spielgruppefrchdachs-nzb.ch\/spielgruppe-fraechdachs\/ziel-der-spielgruppe\/team\/#primaryimage\",\"url\":\"http:\/\/xn--spielgruppefrchdachs-nzb.ch\/wp-content\/uploads\/2023\/03\/IMG-20221206-WA0001-e1679843498518.jpg\",\"contentUrl\":\"http:\/\/xn--spielgruppefrchdachs-nzb.ch\/wp-content\/uploads\/2023\/03\/IMG-20221206-WA0001-e1679843498518.jpg\",\"width\":2048,\"height\":1536},{\"@type\":\"BreadcrumbList\",\"@id\":\"http:\/\/xn--spielgruppefrchdachs-nzb.ch\/spielgruppe-fraechdachs\/ziel-der-spielgruppe\/team\/#breadcrumb\",\"itemListElement\":[{\"@type\":\"ListItem\",\"position\":1,\"name\":\"Startseite\",\"item\":\"https:\/\/xn--spielgruppefrchdachs-nzb.ch\/spielgruppe-fraechdachs\/ziel-der-spielgruppe\/\"},{\"@type\":\"ListItem\",\"position\":2,\"name\":\"\u00dcber uns\"}]},{\"@type\":\"WebSite\",\"@id\":\"https:\/\/xn--spielgruppefrchdachs-nzb.ch\/spielgruppe-fraechdachs\/ziel-der-spielgruppe\/#website\",\"url\":\"https:\/\/xn--spielgruppefrchdachs-nzb.ch\/spielgruppe-fraechdachs\/ziel-der-spielgruppe\/\",\"name\":\"Spielgruppe Fr\u00e4chdachs, Schaffhausen\",\"description\":\"Das grosse Treffen f\u00fcr kleine Kinder.\",\"publisher\":{\"@id\":\"https:\/\/xn--spielgruppefrchdachs-nzb.ch\/spielgruppe-fraechdachs\/ziel-der-spielgruppe\/#organization\"},\"potentialAction\":[{\"@type\":\"SearchAction\",\"target\":{\"@type\":\"EntryPoint\",\"urlTemplate\":\"https:\/\/xn--spielgruppefrchdachs-nzb.ch\/spielgruppe-fraechdachs\/ziel-der-spielgruppe\/?s={search_term_string}\"},\"query-input\":{\"@type\":\"PropertyValueSpecification\",\"valueRequired\":true,\"valueName\":\"search_term_string\"}}],\"inLanguage\":\"de\"},{\"@type\":\"Organization\",\"@id\":\"https:\/\/xn--spielgruppefrchdachs-nzb.ch\/spielgruppe-fraechdachs\/ziel-der-spielgruppe\/#organization\",\"name\":\"Spielgruppe Fr\u00e4chdachs, Schaffhausen\",\"url\":\"https:\/\/xn--spielgruppefrchdachs-nzb.ch\/spielgruppe-fraechdachs\/ziel-der-spielgruppe\/\",\"logo\":{\"@type\":\"ImageObject\",\"inLanguage\":\"de\",\"@id\":\"https:\/\/xn--spielgruppefrchdachs-nzb.ch\/spielgruppe-fraechdachs\/ziel-der-spielgruppe\/#\/schema\/logo\/image\/\",\"url\":\"http:\/\/xn--spielgruppefrchdachs-nzb.ch\/wp-content\/uploads\/2018\/03\/Logo-Fr\u00e4chdachs-2017-e1679833747593.jpg\",\"contentUrl\":\"http:\/\/xn--spielgruppefrchdachs-nzb.ch\/wp-content\/uploads\/2018\/03\/Logo-Fr\u00e4chdachs-2017-e1679833747593.jpg\",\"width\":200,\"height\":164,\"caption\":\"Spielgruppe Fr\u00e4chdachs, Schaffhausen\"},\"image\":{\"@id\":\"https:\/\/xn--spielgruppefrchdachs-nzb.ch\/spielgruppe-fraechdachs\/ziel-der-spielgruppe\/#\/schema\/logo\/image\/\"}}]}<\/script>\n<!-- \/ Yoast SEO plugin. -->","yoast_head_json":{"title":"\u00dcber uns - Spielgruppe Fr\u00e4chdachs, Schaffhausen","robots":{"index":"index","follow":"follow","max-snippet":"max-snippet:-1","max-image-preview":"max-image-preview:large","max-video-preview":"max-video-preview:-1"},"canonical":"http:\/\/xn--spielgruppefrchdachs-nzb.ch\/spielgruppe-fraechdachs\/ziel-der-spielgruppe\/team\/","og_locale":"de_DE","og_type":"article","og_title":"\u00dcber uns - Spielgruppe Fr\u00e4chdachs, Schaffhausen","og_description":"Julia Blum (Do) Ich bin Julia Blum &#8211; von Burg. Seit 2017 leite ich mit viel Herzblut die Spielgruppe Fr\u00e4chdachs. Meine Freizeit verbringe ich gerne [&hellip;]","og_url":"http:\/\/xn--spielgruppefrchdachs-nzb.ch\/spielgruppe-fraechdachs\/ziel-der-spielgruppe\/team\/","og_site_name":"Spielgruppe Fr\u00e4chdachs, Schaffhausen","article_modified_time":"2025-05-12T19:40:57+00:00","og_image":[{"width":2048,"height":1536,"url":"http:\/\/xn--spielgruppefrchdachs-nzb.ch\/wp-content\/uploads\/2023\/03\/IMG-20221206-WA0001-e1679843498518.jpg","type":"image\/jpeg"}],"twitter_card":"summary_large_image","twitter_misc":{"Gesch\u00e4tzte Lesezeit":"3\u00a0Minuten"},"schema":{"@context":"https:\/\/schema.org","@graph":[{"@type":"WebPage","@id":"http:\/\/xn--spielgruppefrchdachs-nzb.ch\/spielgruppe-fraechdachs\/ziel-der-spielgruppe\/team\/","url":"http:\/\/xn--spielgruppefrchdachs-nzb.ch\/spielgruppe-fraechdachs\/ziel-der-spielgruppe\/team\/","name":"\u00dcber uns - Spielgruppe Fr\u00e4chdachs, Schaffhausen","isPartOf":{"@id":"https:\/\/xn--spielgruppefrchdachs-nzb.ch\/spielgruppe-fraechdachs\/ziel-der-spielgruppe\/#website"},"primaryImageOfPage":{"@id":"http:\/\/xn--spielgruppefrchdachs-nzb.ch\/spielgruppe-fraechdachs\/ziel-der-spielgruppe\/team\/#primaryimage"},"image":{"@id":"http:\/\/xn--spielgruppefrchdachs-nzb.ch\/spielgruppe-fraechdachs\/ziel-der-spielgruppe\/team\/#primaryimage"},"thumbnailUrl":"http:\/\/xn--spielgruppefrchdachs-nzb.ch\/wp-content\/uploads\/2023\/03\/IMG-20221206-WA0001-e1679843498518.jpg","datePublished":"2016-05-10T03:48:21+00:00","dateModified":"2025-05-12T19:40:57+00:00","breadcrumb":{"@id":"http:\/\/xn--spielgruppefrchdachs-nzb.ch\/spielgruppe-fraechdachs\/ziel-der-spielgruppe\/team\/#breadcrumb"},"inLanguage":"de","potentialAction":[{"@type":"ReadAction","target":["http:\/\/xn--spielgruppefrchdachs-nzb.ch\/spielgruppe-fraechdachs\/ziel-der-spielgruppe\/team\/"]}]},{"@type":"ImageObject","inLanguage":"de","@id":"http:\/\/xn--spielgruppefrchdachs-nzb.ch\/spielgruppe-fraechdachs\/ziel-der-spielgruppe\/team\/#primaryimage","url":"http:\/\/xn--spielgruppefrchdachs-nzb.ch\/wp-content\/uploads\/2023\/03\/IMG-20221206-WA0001-e1679843498518.jpg","contentUrl":"http:\/\/xn--spielgruppefrchdachs-nzb.ch\/wp-content\/uploads\/2023\/03\/IMG-20221206-WA0001-e1679843498518.jpg","width":2048,"height":1536},{"@type":"BreadcrumbList","@id":"http:\/\/xn--spielgruppefrchdachs-nzb.ch\/spielgruppe-fraechdachs\/ziel-der-spielgruppe\/team\/#breadcrumb","itemListElement":[{"@type":"ListItem","position":1,"name":"Startseite","item":"https:\/\/xn--spielgruppefrchdachs-nzb.ch\/spielgruppe-fraechdachs\/ziel-der-spielgruppe\/"},{"@type":"ListItem","position":2,"name":"\u00dcber uns"}]},{"@type":"WebSite","@id":"https:\/\/xn--spielgruppefrchdachs-nzb.ch\/spielgruppe-fraechdachs\/ziel-der-spielgruppe\/#website","url":"https:\/\/xn--spielgruppefrchdachs-nzb.ch\/spielgruppe-fraechdachs\/ziel-der-spielgruppe\/","name":"Spielgruppe Fr\u00e4chdachs, Schaffhausen","description":"Das grosse Treffen f\u00fcr kleine Kinder.","publisher":{"@id":"https:\/\/xn--spielgruppefrchdachs-nzb.ch\/spielgruppe-fraechdachs\/ziel-der-spielgruppe\/#organization"},"potentialAction":[{"@type":"SearchAction","target":{"@type":"EntryPoint","urlTemplate":"https:\/\/xn--spielgruppefrchdachs-nzb.ch\/spielgruppe-fraechdachs\/ziel-der-spielgruppe\/?s={search_term_string}"},"query-input":{"@type":"PropertyValueSpecification","valueRequired":true,"valueName":"search_term_string"}}],"inLanguage":"de"},{"@type":"Organization","@id":"https:\/\/xn--spielgruppefrchdachs-nzb.ch\/spielgruppe-fraechdachs\/ziel-der-spielgruppe\/#organization","name":"Spielgruppe Fr\u00e4chdachs, Schaffhausen","url":"https:\/\/xn--spielgruppefrchdachs-nzb.ch\/spielgruppe-fraechdachs\/ziel-der-spielgruppe\/","logo":{"@type":"ImageObject","inLanguage":"de","@id":"https:\/\/xn--spielgruppefrchdachs-nzb.ch\/spielgruppe-fraechdachs\/ziel-der-spielgruppe\/#\/schema\/logo\/image\/","url":"http:\/\/xn--spielgruppefrchdachs-nzb.ch\/wp-content\/uploads\/2018\/03\/Logo-Fr\u00e4chdachs-2017-e1679833747593.jpg","contentUrl":"http:\/\/xn--spielgruppefrchdachs-nzb.ch\/wp-content\/uploads\/2018\/03\/Logo-Fr\u00e4chdachs-2017-e1679833747593.jpg","width":200,"height":164,"caption":"Spielgruppe Fr\u00e4chdachs, Schaffhausen"},"image":{"@id":"https:\/\/xn--spielgruppefrchdachs-nzb.ch\/spielgruppe-fraechdachs\/ziel-der-spielgruppe\/#\/schema\/logo\/image\/"}}]}},"_links":{"self":[{"href":"http:\/\/xn--spielgruppefrchdachs-nzb.ch\/spielgruppe-fraechdachs\/ziel-der-spielgruppe\/wp-json\/wp\/v2\/pages\/2","targetHints":{"allow":["GET"]}}],"collection":[{"href":"http:\/\/xn--spielgruppefrchdachs-nzb.ch\/spielgruppe-fraechdachs\/ziel-der-spielgruppe\/wp-json\/wp\/v2\/pages"}],"about":[{"href":"http:\/\/xn--spielgruppefrchdachs-nzb.ch\/spielgruppe-fraechdachs\/ziel-der-spielgruppe\/wp-json\/wp\/v2\/types\/page"}],"author":[{"embeddable":true,"href":"http:\/\/xn--spielgruppefrchdachs-nzb.ch\/spielgruppe-fraechdachs\/ziel-der-spielgruppe\/wp-json\/wp\/v2\/users\/1"}],"replies":[{"embeddable":true,"href":"http:\/\/xn--spielgruppefrchdachs-nzb.ch\/spielgruppe-fraechdachs\/ziel-der-spielgruppe\/wp-json\/wp\/v2\/comments?post=2"}],"version-history":[{"count":70,"href":"http:\/\/xn--spielgruppefrchdachs-nzb.ch\/spielgruppe-fraechdachs\/ziel-der-spielgruppe\/wp-json\/wp\/v2\/pages\/2\/revisions"}],"predecessor-version":[{"id":616,"href":"http:\/\/xn--spielgruppefrchdachs-nzb.ch\/spielgruppe-fraechdachs\/ziel-der-spielgruppe\/wp-json\/wp\/v2\/pages\/2\/revisions\/616"}],"wp:featuredmedia":[{"embeddable":true,"href":"http:\/\/xn--spielgruppefrchdachs-nzb.ch\/spielgruppe-fraechdachs\/ziel-der-spielgruppe\/wp-json\/wp\/v2\/media\/469"}],"wp:attachment":[{"href":"http:\/\/xn--spielgruppefrchdachs-nzb.ch\/spielgruppe-fraechdachs\/ziel-der-spielgruppe\/wp-json\/wp\/v2\/media?parent=2"}],"curies":[{"name":"wp","href":"https:\/\/api.w.org\/{rel}","templated":true}]}}