{"id":379,"date":"2022-12-16T16:13:49","date_gmt":"2022-12-16T16:13:49","guid":{"rendered":"http:\/\/xn--spielgruppefrchdachs-nzb.ch\/?page_id=379"},"modified":"2023-03-26T15:04:25","modified_gmt":"2023-03-26T15:04:25","slug":"paedagogische-grundsaetze","status":"publish","type":"page","link":"http:\/\/xn--spielgruppefrchdachs-nzb.ch\/spielgruppe-fraechdachs\/ziel-der-spielgruppe\/paedagogische-grundsaetze\/","title":{"rendered":"P\u00e4dagogische Grunds\u00e4tze"},"content":{"rendered":"\n<div style=\"height:10px\" aria-hidden=\"true\" class=\"wp-block-spacer\"><\/div>\n\n\n\n<p>Die Spielgruppe als Bildungsfundament basiert auf einem zeitgem\u00e4ssen Bildungsverst\u00e4ndnis im Fr\u00fchbereich. Kinder sind von Geburt an kompetent und aus eigenem Antrieb heraus aktiv. Fr\u00fchkindliche Bildung in der Spielgruppe heisst deshalb: Die Kinder w\u00e4hlen ihre Aktivit\u00e4ten selbst. Die Spielgruppenleiterin sorgt f\u00fcr anregende und altersgerechte Angebote, anerkennt die Wahl des Kindes, begleitet und unterst\u00fctzt den Selbstbildungsprozess.<\/p>\n\n\n\n<p>Das Erlernen von Basiskompetenzen durch Erfahrungs- und Beziehungsprozesse steht in der Spielgruppenp\u00e4dagogik seit Beginn im Mittelpunkt. Mit dem Bildungskonzept \u201aSpielzeit ist Lernzeit! Und den sozialen Beziehungen zu anderen Kindern und Erwachsenen sind Spielgruppen bedeutende Partnerinnen im Fr\u00fchbereich.<\/p>\n","protected":false},"excerpt":{"rendered":"<p>Die Spielgruppe als Bildungsfundament basiert auf einem zeitgem\u00e4ssen Bildungsverst\u00e4ndnis im Fr\u00fchbereich. Kinder sind von Geburt an kompetent und aus eigenem Antrieb heraus aktiv. Fr\u00fchkindliche Bildung [&hellip;]<\/p>\n","protected":false},"author":1,"featured_media":499,"parent":0,"menu_order":0,"comment_status":"closed","ping_status":"closed","template":"","meta":{"footnotes":""},"class_list":["post-379","page","type-page","status-publish","has-post-thumbnail","hentry"],"yoast_head":"<!-- This site is optimized with the Yoast SEO plugin v25.0 - https:\/\/yoast.com\/wordpress\/plugins\/seo\/ -->\n<title>P\u00e4dagogische Grunds\u00e4tze - Spielgruppe Fr\u00e4chdachs, Schaffhausen<\/title>\n<meta name=\"robots\" content=\"index, follow, max-snippet:-1, max-image-preview:large, max-video-preview:-1\" \/>\n<link rel=\"canonical\" href=\"http:\/\/xn--spielgruppefrchdachs-nzb.ch\/spielgruppe-fraechdachs\/ziel-der-spielgruppe\/paedagogische-grundsaetze\/\" \/>\n<meta property=\"og:locale\" content=\"de_DE\" \/>\n<meta property=\"og:type\" content=\"article\" \/>\n<meta property=\"og:title\" content=\"P\u00e4dagogische Grunds\u00e4tze - Spielgruppe Fr\u00e4chdachs, Schaffhausen\" \/>\n<meta property=\"og:description\" content=\"Die Spielgruppe als Bildungsfundament basiert auf einem zeitgem\u00e4ssen Bildungsverst\u00e4ndnis im Fr\u00fchbereich. Kinder sind von Geburt an kompetent und aus eigenem Antrieb heraus aktiv. Fr\u00fchkindliche Bildung [&hellip;]\" \/>\n<meta property=\"og:url\" content=\"http:\/\/xn--spielgruppefrchdachs-nzb.ch\/spielgruppe-fraechdachs\/ziel-der-spielgruppe\/paedagogische-grundsaetze\/\" \/>\n<meta property=\"og:site_name\" content=\"Spielgruppe Fr\u00e4chdachs, Schaffhausen\" \/>\n<meta property=\"article:modified_time\" content=\"2023-03-26T15:04:25+00:00\" \/>\n<meta property=\"og:image\" content=\"http:\/\/xn--spielgruppefrchdachs-nzb.ch\/wp-content\/uploads\/2023\/03\/IMG-20230223-WA0026-e1679842985965.jpg\" \/>\n\t<meta property=\"og:image:width\" content=\"2048\" \/>\n\t<meta property=\"og:image:height\" content=\"1536\" \/>\n\t<meta property=\"og:image:type\" content=\"image\/jpeg\" \/>\n<meta name=\"twitter:card\" content=\"summary_large_image\" \/>\n<meta name=\"twitter:label1\" content=\"Gesch\u00e4tzte Lesezeit\" \/>\n\t<meta name=\"twitter:data1\" content=\"1\u00a0Minute\" \/>\n<script type=\"application\/ld+json\" class=\"yoast-schema-graph\">{\"@context\":\"https:\/\/schema.org\",\"@graph\":[{\"@type\":\"WebPage\",\"@id\":\"http:\/\/xn--spielgruppefrchdachs-nzb.ch\/spielgruppe-fraechdachs\/ziel-der-spielgruppe\/paedagogische-grundsaetze\/\",\"url\":\"http:\/\/xn--spielgruppefrchdachs-nzb.ch\/spielgruppe-fraechdachs\/ziel-der-spielgruppe\/paedagogische-grundsaetze\/\",\"name\":\"P\u00e4dagogische Grunds\u00e4tze - Spielgruppe Fr\u00e4chdachs, Schaffhausen\",\"isPartOf\":{\"@id\":\"https:\/\/xn--spielgruppefrchdachs-nzb.ch\/spielgruppe-fraechdachs\/ziel-der-spielgruppe\/#website\"},\"primaryImageOfPage\":{\"@id\":\"http:\/\/xn--spielgruppefrchdachs-nzb.ch\/spielgruppe-fraechdachs\/ziel-der-spielgruppe\/paedagogische-grundsaetze\/#primaryimage\"},\"image\":{\"@id\":\"http:\/\/xn--spielgruppefrchdachs-nzb.ch\/spielgruppe-fraechdachs\/ziel-der-spielgruppe\/paedagogische-grundsaetze\/#primaryimage\"},\"thumbnailUrl\":\"http:\/\/xn--spielgruppefrchdachs-nzb.ch\/wp-content\/uploads\/2023\/03\/IMG-20230223-WA0026-e1679842985965.jpg\",\"datePublished\":\"2022-12-16T16:13:49+00:00\",\"dateModified\":\"2023-03-26T15:04:25+00:00\",\"breadcrumb\":{\"@id\":\"http:\/\/xn--spielgruppefrchdachs-nzb.ch\/spielgruppe-fraechdachs\/ziel-der-spielgruppe\/paedagogische-grundsaetze\/#breadcrumb\"},\"inLanguage\":\"de\",\"potentialAction\":[{\"@type\":\"ReadAction\",\"target\":[\"http:\/\/xn--spielgruppefrchdachs-nzb.ch\/spielgruppe-fraechdachs\/ziel-der-spielgruppe\/paedagogische-grundsaetze\/\"]}]},{\"@type\":\"ImageObject\",\"inLanguage\":\"de\",\"@id\":\"http:\/\/xn--spielgruppefrchdachs-nzb.ch\/spielgruppe-fraechdachs\/ziel-der-spielgruppe\/paedagogische-grundsaetze\/#primaryimage\",\"url\":\"http:\/\/xn--spielgruppefrchdachs-nzb.ch\/wp-content\/uploads\/2023\/03\/IMG-20230223-WA0026-e1679842985965.jpg\",\"contentUrl\":\"http:\/\/xn--spielgruppefrchdachs-nzb.ch\/wp-content\/uploads\/2023\/03\/IMG-20230223-WA0026-e1679842985965.jpg\",\"width\":2048,\"height\":1536},{\"@type\":\"BreadcrumbList\",\"@id\":\"http:\/\/xn--spielgruppefrchdachs-nzb.ch\/spielgruppe-fraechdachs\/ziel-der-spielgruppe\/paedagogische-grundsaetze\/#breadcrumb\",\"itemListElement\":[{\"@type\":\"ListItem\",\"position\":1,\"name\":\"Startseite\",\"item\":\"https:\/\/xn--spielgruppefrchdachs-nzb.ch\/spielgruppe-fraechdachs\/ziel-der-spielgruppe\/\"},{\"@type\":\"ListItem\",\"position\":2,\"name\":\"P\u00e4dagogische Grunds\u00e4tze\"}]},{\"@type\":\"WebSite\",\"@id\":\"https:\/\/xn--spielgruppefrchdachs-nzb.ch\/spielgruppe-fraechdachs\/ziel-der-spielgruppe\/#website\",\"url\":\"https:\/\/xn--spielgruppefrchdachs-nzb.ch\/spielgruppe-fraechdachs\/ziel-der-spielgruppe\/\",\"name\":\"Spielgruppe Fr\u00e4chdachs, Schaffhausen\",\"description\":\"Das grosse Treffen f\u00fcr kleine Kinder.\",\"publisher\":{\"@id\":\"https:\/\/xn--spielgruppefrchdachs-nzb.ch\/spielgruppe-fraechdachs\/ziel-der-spielgruppe\/#organization\"},\"potentialAction\":[{\"@type\":\"SearchAction\",\"target\":{\"@type\":\"EntryPoint\",\"urlTemplate\":\"https:\/\/xn--spielgruppefrchdachs-nzb.ch\/spielgruppe-fraechdachs\/ziel-der-spielgruppe\/?s={search_term_string}\"},\"query-input\":{\"@type\":\"PropertyValueSpecification\",\"valueRequired\":true,\"valueName\":\"search_term_string\"}}],\"inLanguage\":\"de\"},{\"@type\":\"Organization\",\"@id\":\"https:\/\/xn--spielgruppefrchdachs-nzb.ch\/spielgruppe-fraechdachs\/ziel-der-spielgruppe\/#organization\",\"name\":\"Spielgruppe Fr\u00e4chdachs, Schaffhausen\",\"url\":\"https:\/\/xn--spielgruppefrchdachs-nzb.ch\/spielgruppe-fraechdachs\/ziel-der-spielgruppe\/\",\"logo\":{\"@type\":\"ImageObject\",\"inLanguage\":\"de\",\"@id\":\"https:\/\/xn--spielgruppefrchdachs-nzb.ch\/spielgruppe-fraechdachs\/ziel-der-spielgruppe\/#\/schema\/logo\/image\/\",\"url\":\"http:\/\/xn--spielgruppefrchdachs-nzb.ch\/wp-content\/uploads\/2018\/03\/Logo-Fr\u00e4chdachs-2017-e1679833747593.jpg\",\"contentUrl\":\"http:\/\/xn--spielgruppefrchdachs-nzb.ch\/wp-content\/uploads\/2018\/03\/Logo-Fr\u00e4chdachs-2017-e1679833747593.jpg\",\"width\":200,\"height\":164,\"caption\":\"Spielgruppe Fr\u00e4chdachs, Schaffhausen\"},\"image\":{\"@id\":\"https:\/\/xn--spielgruppefrchdachs-nzb.ch\/spielgruppe-fraechdachs\/ziel-der-spielgruppe\/#\/schema\/logo\/image\/\"}}]}<\/script>\n<!-- \/ Yoast SEO plugin. -->","yoast_head_json":{"title":"P\u00e4dagogische Grunds\u00e4tze - Spielgruppe Fr\u00e4chdachs, Schaffhausen","robots":{"index":"index","follow":"follow","max-snippet":"max-snippet:-1","max-image-preview":"max-image-preview:large","max-video-preview":"max-video-preview:-1"},"canonical":"http:\/\/xn--spielgruppefrchdachs-nzb.ch\/spielgruppe-fraechdachs\/ziel-der-spielgruppe\/paedagogische-grundsaetze\/","og_locale":"de_DE","og_type":"article","og_title":"P\u00e4dagogische Grunds\u00e4tze - Spielgruppe Fr\u00e4chdachs, Schaffhausen","og_description":"Die Spielgruppe als Bildungsfundament basiert auf einem zeitgem\u00e4ssen Bildungsverst\u00e4ndnis im Fr\u00fchbereich. Kinder sind von Geburt an kompetent und aus eigenem Antrieb heraus aktiv. Fr\u00fchkindliche Bildung [&hellip;]","og_url":"http:\/\/xn--spielgruppefrchdachs-nzb.ch\/spielgruppe-fraechdachs\/ziel-der-spielgruppe\/paedagogische-grundsaetze\/","og_site_name":"Spielgruppe Fr\u00e4chdachs, Schaffhausen","article_modified_time":"2023-03-26T15:04:25+00:00","og_image":[{"width":2048,"height":1536,"url":"http:\/\/xn--spielgruppefrchdachs-nzb.ch\/wp-content\/uploads\/2023\/03\/IMG-20230223-WA0026-e1679842985965.jpg","type":"image\/jpeg"}],"twitter_card":"summary_large_image","twitter_misc":{"Gesch\u00e4tzte Lesezeit":"1\u00a0Minute"},"schema":{"@context":"https:\/\/schema.org","@graph":[{"@type":"WebPage","@id":"http:\/\/xn--spielgruppefrchdachs-nzb.ch\/spielgruppe-fraechdachs\/ziel-der-spielgruppe\/paedagogische-grundsaetze\/","url":"http:\/\/xn--spielgruppefrchdachs-nzb.ch\/spielgruppe-fraechdachs\/ziel-der-spielgruppe\/paedagogische-grundsaetze\/","name":"P\u00e4dagogische Grunds\u00e4tze - Spielgruppe Fr\u00e4chdachs, Schaffhausen","isPartOf":{"@id":"https:\/\/xn--spielgruppefrchdachs-nzb.ch\/spielgruppe-fraechdachs\/ziel-der-spielgruppe\/#website"},"primaryImageOfPage":{"@id":"http:\/\/xn--spielgruppefrchdachs-nzb.ch\/spielgruppe-fraechdachs\/ziel-der-spielgruppe\/paedagogische-grundsaetze\/#primaryimage"},"image":{"@id":"http:\/\/xn--spielgruppefrchdachs-nzb.ch\/spielgruppe-fraechdachs\/ziel-der-spielgruppe\/paedagogische-grundsaetze\/#primaryimage"},"thumbnailUrl":"http:\/\/xn--spielgruppefrchdachs-nzb.ch\/wp-content\/uploads\/2023\/03\/IMG-20230223-WA0026-e1679842985965.jpg","datePublished":"2022-12-16T16:13:49+00:00","dateModified":"2023-03-26T15:04:25+00:00","breadcrumb":{"@id":"http:\/\/xn--spielgruppefrchdachs-nzb.ch\/spielgruppe-fraechdachs\/ziel-der-spielgruppe\/paedagogische-grundsaetze\/#breadcrumb"},"inLanguage":"de","potentialAction":[{"@type":"ReadAction","target":["http:\/\/xn--spielgruppefrchdachs-nzb.ch\/spielgruppe-fraechdachs\/ziel-der-spielgruppe\/paedagogische-grundsaetze\/"]}]},{"@type":"ImageObject","inLanguage":"de","@id":"http:\/\/xn--spielgruppefrchdachs-nzb.ch\/spielgruppe-fraechdachs\/ziel-der-spielgruppe\/paedagogische-grundsaetze\/#primaryimage","url":"http:\/\/xn--spielgruppefrchdachs-nzb.ch\/wp-content\/uploads\/2023\/03\/IMG-20230223-WA0026-e1679842985965.jpg","contentUrl":"http:\/\/xn--spielgruppefrchdachs-nzb.ch\/wp-content\/uploads\/2023\/03\/IMG-20230223-WA0026-e1679842985965.jpg","width":2048,"height":1536},{"@type":"BreadcrumbList","@id":"http:\/\/xn--spielgruppefrchdachs-nzb.ch\/spielgruppe-fraechdachs\/ziel-der-spielgruppe\/paedagogische-grundsaetze\/#breadcrumb","itemListElement":[{"@type":"ListItem","position":1,"name":"Startseite","item":"https:\/\/xn--spielgruppefrchdachs-nzb.ch\/spielgruppe-fraechdachs\/ziel-der-spielgruppe\/"},{"@type":"ListItem","position":2,"name":"P\u00e4dagogische Grunds\u00e4tze"}]},{"@type":"WebSite","@id":"https:\/\/xn--spielgruppefrchdachs-nzb.ch\/spielgruppe-fraechdachs\/ziel-der-spielgruppe\/#website","url":"https:\/\/xn--spielgruppefrchdachs-nzb.ch\/spielgruppe-fraechdachs\/ziel-der-spielgruppe\/","name":"Spielgruppe Fr\u00e4chdachs, Schaffhausen","description":"Das grosse Treffen f\u00fcr kleine Kinder.","publisher":{"@id":"https:\/\/xn--spielgruppefrchdachs-nzb.ch\/spielgruppe-fraechdachs\/ziel-der-spielgruppe\/#organization"},"potentialAction":[{"@type":"SearchAction","target":{"@type":"EntryPoint","urlTemplate":"https:\/\/xn--spielgruppefrchdachs-nzb.ch\/spielgruppe-fraechdachs\/ziel-der-spielgruppe\/?s={search_term_string}"},"query-input":{"@type":"PropertyValueSpecification","valueRequired":true,"valueName":"search_term_string"}}],"inLanguage":"de"},{"@type":"Organization","@id":"https:\/\/xn--spielgruppefrchdachs-nzb.ch\/spielgruppe-fraechdachs\/ziel-der-spielgruppe\/#organization","name":"Spielgruppe Fr\u00e4chdachs, Schaffhausen","url":"https:\/\/xn--spielgruppefrchdachs-nzb.ch\/spielgruppe-fraechdachs\/ziel-der-spielgruppe\/","logo":{"@type":"ImageObject","inLanguage":"de","@id":"https:\/\/xn--spielgruppefrchdachs-nzb.ch\/spielgruppe-fraechdachs\/ziel-der-spielgruppe\/#\/schema\/logo\/image\/","url":"http:\/\/xn--spielgruppefrchdachs-nzb.ch\/wp-content\/uploads\/2018\/03\/Logo-Fr\u00e4chdachs-2017-e1679833747593.jpg","contentUrl":"http:\/\/xn--spielgruppefrchdachs-nzb.ch\/wp-content\/uploads\/2018\/03\/Logo-Fr\u00e4chdachs-2017-e1679833747593.jpg","width":200,"height":164,"caption":"Spielgruppe Fr\u00e4chdachs, Schaffhausen"},"image":{"@id":"https:\/\/xn--spielgruppefrchdachs-nzb.ch\/spielgruppe-fraechdachs\/ziel-der-spielgruppe\/#\/schema\/logo\/image\/"}}]}},"_links":{"self":[{"href":"http:\/\/xn--spielgruppefrchdachs-nzb.ch\/spielgruppe-fraechdachs\/ziel-der-spielgruppe\/wp-json\/wp\/v2\/pages\/379","targetHints":{"allow":["GET"]}}],"collection":[{"href":"http:\/\/xn--spielgruppefrchdachs-nzb.ch\/spielgruppe-fraechdachs\/ziel-der-spielgruppe\/wp-json\/wp\/v2\/pages"}],"about":[{"href":"http:\/\/xn--spielgruppefrchdachs-nzb.ch\/spielgruppe-fraechdachs\/ziel-der-spielgruppe\/wp-json\/wp\/v2\/types\/page"}],"author":[{"embeddable":true,"href":"http:\/\/xn--spielgruppefrchdachs-nzb.ch\/spielgruppe-fraechdachs\/ziel-der-spielgruppe\/wp-json\/wp\/v2\/users\/1"}],"replies":[{"embeddable":true,"href":"http:\/\/xn--spielgruppefrchdachs-nzb.ch\/spielgruppe-fraechdachs\/ziel-der-spielgruppe\/wp-json\/wp\/v2\/comments?post=379"}],"version-history":[{"count":3,"href":"http:\/\/xn--spielgruppefrchdachs-nzb.ch\/spielgruppe-fraechdachs\/ziel-der-spielgruppe\/wp-json\/wp\/v2\/pages\/379\/revisions"}],"predecessor-version":[{"id":531,"href":"http:\/\/xn--spielgruppefrchdachs-nzb.ch\/spielgruppe-fraechdachs\/ziel-der-spielgruppe\/wp-json\/wp\/v2\/pages\/379\/revisions\/531"}],"wp:featuredmedia":[{"embeddable":true,"href":"http:\/\/xn--spielgruppefrchdachs-nzb.ch\/spielgruppe-fraechdachs\/ziel-der-spielgruppe\/wp-json\/wp\/v2\/media\/499"}],"wp:attachment":[{"href":"http:\/\/xn--spielgruppefrchdachs-nzb.ch\/spielgruppe-fraechdachs\/ziel-der-spielgruppe\/wp-json\/wp\/v2\/media?parent=379"}],"curies":[{"name":"wp","href":"https:\/\/api.w.org\/{rel}","templated":true}]}}